{"id":391,"date":"2022-04-28T20:20:03","date_gmt":"2022-04-28T20:20:03","guid":{"rendered":"https:\/\/emkinmob.com.mx\/?page_id=391"},"modified":"2022-04-28T23:32:52","modified_gmt":"2022-04-28T23:32:52","slug":"aviso-de-privacidad","status":"publish","type":"page","link":"https:\/\/emkinmob.com.mx\/index.php\/aviso-de-privacidad\/","title":{"rendered":"Aviso de privacidad"},"content":{"rendered":"<p>[et_pb_section fb_built=\u00bb1&#8243; admin_label=\u00bbHeader\u00bb _builder_version=\u00bb4.17.3&#8243; _module_preset=\u00bbdefault\u00bb background_color=\u00bb#eae9e4&#8243; custom_margin=\u00bb|||\u00bb custom_padding=\u00bb||10vw|\u00bb bottom_divider_style=\u00bbwave2&#8243; bottom_divider_color=\u00bbrgba(131,174,196,0.27)\u00bb bottom_divider_height=\u00bb14vw\u00bb bottom_divider_repeat=\u00bb0.5x\u00bb bottom_divider_flip=\u00bbhorizontal\u00bb global_colors_info=\u00bb{}\u00bb][et_pb_row _builder_version=\u00bb4.17.3&#8243; _module_preset=\u00bbdefault\u00bb transform_translate=\u00bb162px|0px\u00bb transform_translate_linked=\u00bboff\u00bb module_alignment=\u00bbcenter\u00bb custom_margin=\u00bb|303px||auto|false|false\u00bb custom_padding=\u00bb|0px||||\u00bb global_colors_info=\u00bb{}\u00bb][et_pb_column type=\u00bb4_4&#8243; _builder_version=\u00bb4.17.3&#8243; _module_preset=\u00bbdefault\u00bb custom_padding=\u00bb|||\u00bb global_colors_info=\u00bb{}\u00bb custom_padding__hover=\u00bb|||\u00bb][et_pb_text _builder_version=\u00bb4.17.3&#8243; _module_preset=\u00bbdefault\u00bb text_font=\u00bb||||||||\u00bb text_text_color=\u00bb#000000&#8243; text_font_size=\u00bb26px\u00bb text_line_height=\u00bb2em\u00bb header_font=\u00bbUbuntu|700|||||||\u00bb header_text_align=\u00bbcenter\u00bb header_text_color=\u00bb#000000&#8243; header_font_size=\u00bb60px\u00bb header_line_height=\u00bb1.4em\u00bb header_3_font=\u00bbUbuntu||||||||\u00bb header_3_text_color=\u00bb#bb7860&#8243; header_3_line_height=\u00bb1.8em\u00bb text_orientation=\u00bbcenter\u00bb max_width=\u00bb700px\u00bb custom_margin=\u00bb|||\u00bb text_font_size_tablet=\u00bb\u00bb text_font_size_phone=\u00bb14px\u00bb text_font_size_last_edited=\u00bbon|desktop\u00bb header_font_size_tablet=\u00bb\u00bb header_font_size_phone=\u00bb32px\u00bb header_font_size_last_edited=\u00bbon|desktop\u00bb locked=\u00bboff\u00bb global_colors_info=\u00bb{}\u00bb]<\/p>\n<h1>Aviso de privacidad<\/h1>\n<p style=\"font-weight: 400;\"><strong><u>EMK INMOBILIARIA, S.A. DE C.V.<\/u><\/strong><\/p>\n<p>[\/et_pb_text][et_pb_text _builder_version=\u00bb4.17.3&#8243; _module_preset=\u00bbdefault\u00bb text_font=\u00bb||||||||\u00bb text_text_color=\u00bb#000000&#8243; text_font_size=\u00bb16px\u00bb text_line_height=\u00bb2em\u00bb header_font=\u00bbUbuntu|700|||||||\u00bb header_text_align=\u00bbcenter\u00bb header_text_color=\u00bb#000000&#8243; header_font_size=\u00bb60px\u00bb header_line_height=\u00bb1.4em\u00bb header_3_font=\u00bbUbuntu||||||||\u00bb header_3_text_color=\u00bb#bb7860&#8243; header_3_line_height=\u00bb1.8em\u00bb max_width=\u00bb700px\u00bb custom_margin=\u00bb|||\u00bb text_font_size_tablet=\u00bb\u00bb text_font_size_phone=\u00bb14px\u00bb text_font_size_last_edited=\u00bbon|desktop\u00bb header_font_size_tablet=\u00bb\u00bb header_font_size_phone=\u00bb32px\u00bb header_font_size_last_edited=\u00bbon|desktop\u00bb locked=\u00bboff\u00bb global_colors_info=\u00bb{}\u00bb]<\/p>\n<p style=\"font-weight: 400; text-align: justify;\">Descripci\u00f3n:<\/p>\n<p style=\"font-weight: 400; text-align: justify;\">Identidad y domicilio del responsable:<\/p>\n<p style=\"font-weight: 400; text-align: justify;\">El responsable de los datos personales que usted proporciona a <strong>EMK INMOBILIARIA, S.A. DE C.V.<\/strong> con domicilio ubicado en Xochicalco 634, Letr\u00e1n Valle, C.P. 03650, Benito Juarez, CDMX.<\/p>\n<p style=\"font-weight: 400; text-align: justify;\"><strong>Los datos personales tratados<\/strong><\/p>\n<p style=\"font-weight: 400; text-align: justify;\">Para cumplir con las finalidades del tratamiento se\u00f1aladas en el presente aviso de privacidad, es necesario recabar y dar tratamiento a los siguientes datos personales:<\/p>\n<ol style=\"text-align: justify;\">\n<li>Datos de identificaci\u00f3n;<\/li>\n<li>Datos de contacto;<\/li>\n<li>Datos de ubicaci\u00f3n;<\/li>\n<li>Datos laborales;<\/li>\n<li>Datos patrimoniales y\/o financieros.<\/li>\n<\/ol>\n<p style=\"font-weight: 400; text-align: justify;\">Le informamos que tambi\u00e9n podemos recabar datos personales de terceros en su calidad de fiador y\/o responsable solidario. En el supuesto de que usted proporcione datos personales de terceros, usted deber\u00e1 haber recabado previamente el consentimiento respectivo para que <strong>EMK INMOBILIARIA, S.A. DE C.V.<\/strong> pueda dar tratamiento a los datos personales para los fines informados en este Aviso de Privacidad.<\/p>\n<p style=\"font-weight: 400; text-align: justify;\"><strong><\/strong><\/p>\n<p style=\"font-weight: 400; text-align: justify;\"><strong>Finalidades primarias del tratamiento<\/strong><\/p>\n<p style=\"font-weight: 400; text-align: justify;\"><strong>EMK INMOBILIARIA, S.A. DE C.V.<\/strong> tratar\u00e1 los datos personales enunciados en el apartado anterior para cumplir con las siguientes finalidades primarias:<\/p>\n<ol>\n<li style=\"text-align: justify;\">Para agendar una cita mostrarle aquellos inmuebles que usted est\u00e9 interesado en arrendar.<\/li>\n<li style=\"text-align: justify;\">Para brindarle la informaci\u00f3n que usted requiera conocer sobre los inmuebles publicados por <strong>EMK INMOBILIARIA, S.A. DE C.V.<\/strong><\/li>\n<li style=\"text-align: justify;\">Para verificar si usted es elegible para ser arrendatario de los inmuebles publicados por <strong>EMK INMOBILIARIA, S.A. DE C.V.,<\/strong> lo anterior incluye que <strong>EMK INMOBILIARIA, S.A. DE C.V.<\/strong> pueda realizar una investigaci\u00f3n sobre su perfil laboral y econ\u00f3mico con base en informaci\u00f3n obtenida de fuentes de acceso p\u00fablico;<\/li>\n<li>Para identificar y verificar que su aval pueda cumplir con las obligaciones que pueden llegar a corresponderle.\n<p style=\"font-weight: 400; text-align: justify;\">En caso de que usted sea elegible para ser arrendatario, para firmar un contrato de arrendamiento con <strong>EMK INMOBILIARIA, S.A. DE C.V.<\/strong><\/p>\n<p style=\"font-weight: 400; text-align: justify;\">Asimismo, en caso de que usted firme un contrato de arrendamiento con <strong>EMK INMOBILIARIA, S.A. DE C.V.<\/strong>, sus datos personales ser\u00e1n utilizados para las siguientes finalidades:<\/p>\n<ul style=\"text-align: justify;\">\n<li>Para realizar cada una de las gestiones necesarias para el cumplimiento del contrato de arrendamiento celebrado entre usted y <strong>EMK INMOBILIARIA, S.A. DE C.V.<\/strong><\/li>\n<li>Para gestionar el cobro de la renta.<\/li>\n<li>Para atender cualquier duda, reclamaci\u00f3n o queja en relaci\u00f3n con el inmueble que se otorga en arrendamiento.<\/li>\n<li>En su caso, para atender gestiones relacionadas con el mantenimiento del inmueble.<\/li>\n<li>Cumplir con disposiciones aplicables en materia de Prevenci\u00f3n de Lavado de Dinero.<\/li>\n<li>En su caso, para identificar y notificar a la autoridad competente actividades que se consideren vulnerables en t\u00e9rminos de la Ley Federal para la Prevenci\u00f3n e Identificaci\u00f3n de Operaciones con Recursos de Procedencia Il\u00edcita.<\/li>\n<\/ul>\n<p style=\"font-weight: 400; text-align: justify;\">En caso de que termine la vigencia del contrato de arrendamiento celebrado entre usted y <strong>EMK INMOBILIARIA, S.A. DE C.V.<\/strong>, para gestionar la desocupaci\u00f3n del inmueble.<\/p>\n<p style=\"font-weight: 400; text-align: justify;\">En caso de incumplimiento del contrato, para llevar a cabo las acciones legales correspondientes.<\/p>\n<p style=\"font-weight: 400; text-align: justify;\">Dar cumplimiento a los requerimientos de autoridades competentes en los casos legalmente previstos.<\/p>\n<p style=\"font-weight: 400; text-align: justify;\"><strong><\/strong><\/p>\n<p style=\"font-weight: 400; text-align: justify;\"><strong><\/strong><\/p>\n<p style=\"font-weight: 400; text-align: justify;\"><strong>Finalidades secundarias del tratamiento<\/strong><\/p>\n<p style=\"font-weight: 400; text-align: justify;\">Si usted no se opone, <strong>EMK INMOBILIARIA, S.A. DE C.V.<\/strong> tratar\u00e1 sus datos personales para para las siguientes finalidades secundarias<\/p>\n<ul style=\"text-align: justify;\">\n<li>Para enviarle comunicaciones publicitarias en relaci\u00f3n con los inmuebles que arrendamos.<\/li>\n<li>Para conservar, una vez terminada la relaci\u00f3n contractual, aquellos datos necesarios para dar referencias de usted.<\/li>\n<\/ul>\n<p style=\"font-weight: 400; text-align: justify;\">En caso de que no desee que sus datos personales sean tratados para alguna o todas las finalidades adicionales, desde este momento usted nos puede comunicar lo anterior al correo <span style=\"color: #0c71c3;\"><a href=\"mailto:administracion@emkinmob.com.mx\" style=\"color: #0c71c3;\">administracion@emkinmob.com.mx<\/a><\/span>, indic\u00e1ndonos en el cuerpo del correo su nombre completo, su relaci\u00f3n con <strong>EMK INMOBILIARIA, S.A. DE C.V.<\/strong> y que no desea que sus datos sean tratados para alguna o todas las finalidades secundarias.<\/p>\n<p style=\"font-weight: 400; text-align: justify;\">La negativa para el uso de sus datos personales para fines adicionales, no podr\u00e1 ser un motivo para negarle los servicios solicitados o dar por terminada la relaci\u00f3n establecida con nosotros.<\/p>\n<p style=\"font-weight: 400; text-align: justify;\"><strong><\/strong><\/p>\n<p style=\"font-weight: 400; text-align: justify;\"><strong>Transferencias<\/strong><\/p>\n<p style=\"font-weight: 400; text-align: justify;\"><strong><\/strong><strong><\/strong><strong>EMK INMOBILIARIA, S.A. DE C.V.<\/strong> para cumplir las finalidades necesarias anteriormente descritas u otras aquellas exigidas legalmente o por las autoridades competentes transferir\u00e1 los datos personales necesarios, sin requerir de su consentimiento, a las siguientes organizaciones y para los siguientes fines:<\/p>\n<p style=\"font-weight: 400; text-align: justify;\">Empresas afiliadas, subsidiarias y\/o entidades controladoras, que operan bajo las mismas pol\u00edticas internas en materia de protecci\u00f3n de datos personales para dar cumplimiento a las finalidades informadas en este aviso de privacidad.<\/p>\n<p style=\"font-weight: 400; text-align: justify;\"><strong><\/strong><\/p>\n<p style=\"font-weight: 400; text-align: justify;\"><strong><\/strong><strong>Autoridades competentes en los casos previstos por la normatividad aplicable.<\/strong><\/p>\n<p style=\"font-weight: 400; text-align: justify;\">Los medios y el procedimiento para ejercer los derechos ARCO y\/o revocaci\u00f3n del consentimiento<\/p>\n<p style=\"font-weight: 400; text-align: justify;\">Usted o su representante legal podr\u00e1 ejercer cualquiera de los derechos de acceso, rectificaci\u00f3n, cancelaci\u00f3n u oposici\u00f3n (\u201cDerechos ARCO\u201d), as\u00ed\u0301 como revocar su consentimiento para el tratamiento de sus datos personales enviando un correo electr\u00f3nico al Departamento de Protecci\u00f3n de Datos Personales a la direcci\u00f3n electr\u00f3nica <span style=\"color: #0c71c3;\"><a href=\"mailto:administracion@emkinmob.com.mx\" style=\"color: #0c71c3;\">administracion@emkinmob.com.mx<\/a><\/span>.<\/p>\n<p style=\"font-weight: 400; text-align: justify;\">En este sentido, puede informarse sobre los procedimientos, requisitos y plazos para el ejercicio de sus Derechos ARCO y\/o revocaci\u00f3n del consentimiento aqu\u00ed o\u0301 bien ponerse en contacto con el Departamento de Protecci\u00f3n de Datos Personales que dar\u00e1\u0301 tramite a las solicitudes para el ejercicio de estos derechos, y atender\u00e1\u0301 cualquier duda que pudiera tener respecto al tratamiento de su informaci\u00f3n. Los datos de contacto del Departamento de Protecci\u00f3n de Datos Personales son los siguientes: domicilio ubicado en Xochicalco 634, Letr\u00e1n Valle, C.P. 03650, Benito Juarez, CDMX. Tel\u00e9fonos: (55)67941665 \/ (55)87177046. Correo electr\u00f3nico: <span style=\"color: #0c71c3;\"><a href=\"mailto:administracion@emkinmob.com.mx\" style=\"color: #0c71c3;\">administracion@emkinmob.com.mx<\/a>.<\/span><\/p>\n<p style=\"font-weight: 400; text-align: justify;\"><strong><\/strong><strong>Opciones y medios para limitar el uso o divulgaci\u00f3n de sus datos personales<\/strong><\/p>\n<p style=\"font-weight: 400; text-align: justify;\">Usted podr\u00e1\u0301 limitar el uso o divulgaci\u00f3n de sus datos personales enviando su solicitud al Correo electr\u00f3nico: <span style=\"color: #0c71c3;\"><a href=\"mailto:administracion@emkinmob.com.mx\" style=\"color: #0c71c3;\">administracion@emkinmob.com.mx<\/a><\/span>. En caso de que su solicitud sea procedente se le registrara\u0301 en el listado de exclusi\u00f3n propio de <strong>EMK INMOBILIARIA, S.A. DE C.V.<\/strong><\/p>\n<p style=\"font-weight: 400; text-align: justify;\"><strong>\u00a0<\/strong><\/p>\n<p style=\"font-weight: 400; text-align: justify;\"><strong>INAI<\/strong><\/p>\n<p style=\"font-weight: 400; text-align: justify;\">En caso de considerarlo necesario, le informamos que tiene el derecho de acudir ante el Instituto Nacional de Transparencia, Acceso a la Informaci\u00f3n y Protecci\u00f3n de Datos Personales (INAI) para hacer efectivos sus derechos.<\/p>\n<p style=\"font-weight: 400; text-align: justify;\"><strong>\u00a0<\/strong><\/p>\n<p style=\"font-weight: 400; text-align: justify;\"><strong>Cambios al Aviso de Privacidad<\/strong><\/p>\n<p style=\"font-weight: 400; text-align: justify;\"><strong>EMK INMOBILIARIA, S.A. DE C.V.<\/strong> se reserva el derecho, bajo su exclusiva discreci\u00f3n, de cambiar, modificar, agregar o eliminar partes del presente Aviso de Privacidad en cualquier momento. Derivado de novedades legislativas, pol\u00edticas internas o nuevos requerimientos para la prestaci\u00f3n u ofrecimiento de nuestros servicios, el presente Aviso de Privacidad estar\u00e1 sujeto a modificaciones o actualizaciones. En tal caso, <strong>EMK INMOBILIARIA, S.A. DE C.V.<\/strong> publicar\u00e1 dichas modificaciones en el sitio: <span style=\"color: #0c71c3;\"><a href=\"https:\/\/www.emkinmob.com.mx\/\" style=\"color: #0c71c3;\">https:\/\/www.emkinmob.com.mx<\/a><\/span> y se indicar\u00e1 la fecha de \u00faltima versi\u00f3n del aviso. Le recomendamos revisar peri\u00f3dicamente esta p\u00e1gina con la finalidad de informarse si ocurre alg\u00fan cambio al presente.<\/p>\n<p style=\"font-weight: 400; text-align: justify;\"><strong>\u00a0<\/strong><\/p>\n<p style=\"font-weight: 400; text-align: center;\"><strong>Derechos ARCO y\/o revocaci\u00f3n del consentimiento<\/strong><\/p>\n<p style=\"font-weight: 400; text-align: justify;\">Usted o su representante legal podr\u00e1 ejercer cualquiera de los derechos de acceso, rectificaci\u00f3n, cancelaci\u00f3n u oposici\u00f3n (en lo sucesivo \u00abDerechos Arco\u00bb), as\u00ed como revocar su consentimiento para el tratamiento de sus datos personales enviando un correo electr\u00f3nico al Departamento de Datos Personales de <strong>EMK INMOBILIARIA, S.A. DE C.V.<\/strong>: <span style=\"color: #0c71c3;\"><a href=\"mailto:administracion@emkinmob.com.mx\" style=\"color: #0c71c3;\">administracion@emkinmob.com.mx<\/a><\/span>. seg\u00fan se indique en el Aviso de Privacidad.<\/p>\n<p style=\"font-weight: 400; text-align: justify;\">Su petici\u00f3n deber\u00e1 ser realizada a trav\u00e9s del llenado de la solicitud para ejercer Derechos ARCO y Revocaci\u00f3n del Consentimiento (en adelante \u00abSolicitud\u00bb) que se encuentra a su disposici\u00f3n aqu\u00ed y que contiene todos los elementos para poder atender el ejercicio de su derecho y\/o revocaci\u00f3n del consentimiento conforme a la normatividad.<\/p>\n<p style=\"font-weight: 400; text-align: justify;\">Para que el Departamento de Datos Personales de <strong>EMK INMOBILIARIA, S.A. DE C.V.<\/strong> pueda darle seguimiento a su solicitud, usted o su representante legal, deber\u00e1 acreditar correctamente su identidad para lo que es necesario que complete todos los campos indicados en la Solicitud y la acompa\u00f1e con copia de alguna de las identificaciones oficiales que se mencionan a continuaci\u00f3n:<\/p>\n<ul style=\"text-align: justify;\">\n<li>Credencial del Instituto Nacional Electoral.<\/li>\n<li>Cartilla del servicio Militar Nacional.<\/li>\n<li>C\u00e9dula profesional.<\/li>\n<li>Cartilla de identidad postal (expedida por SEPOMEX).<\/li>\n<li>Certificado o constancia de estudios.<\/li>\n<li>Credencial de afiliaci\u00f3n del IMSS.<\/li>\n<li>Credencial de afiliaci\u00f3n al ISSSTE.<\/li>\n<li>Documento migratorio que constate la legal estancia del extranjero en el pa\u00eds.<\/li>\n<\/ul>\n<p style=\"font-weight: 400; text-align: justify;\">En caso de que la informaci\u00f3n proporcionada en la Solicitud sea err\u00f3nea o insuficiente, o bien, no se acompa\u00f1e de los documentos de acreditaci\u00f3n correspondientes, el Departamento de Datos Personales, dentro de los cinco (5) d\u00edas h\u00e1biles siguientes a la recepci\u00f3n de la solicitud, podr\u00e1 requerirle que aporte los elementos o documentos necesarios para dar tr\u00e1mite a la misma. Usted contar\u00e1 con diez (10) d\u00edas h\u00e1biles para atender el requerimiento, contados a partir del d\u00eda siguiente en que lo haya recibido. De no dar respuesta en dicho plazo, se tendr\u00e1 por no presentada la solicitud correspondiente.<\/p>\n<p style=\"font-weight: 400; text-align: justify;\">El Departamento de Datos Personales le comunicar\u00e1 la determinaci\u00f3n adoptada, en un plazo m\u00e1ximo de veinte (20) d\u00edas h\u00e1biles contados desde la fecha en que se recibi\u00f3 la solicitud, a efecto de que, si resulta procedente, haga efectiva la misma dentro de los quince (15) d\u00edas h\u00e1biles siguientes a que se comunique la respuesta. La respuesta se dar\u00e1 v\u00eda electr\u00f3nica a la direcci\u00f3n de correo que se especifique en la Solicitud.<\/p>\n<p style=\"font-weight: 400; text-align: justify;\"><strong>\u00a0<\/strong><\/p>\n<p style=\"font-weight: 400; text-align: justify;\"><strong>Departamento de Datos Personales de EMK INMOBILIARIA, S.A. DE C.V.<\/strong><\/p>\n<p style=\"font-weight: 400; text-align: justify;\">El Departamento le proporcionar\u00e1 la atenci\u00f3n necesaria para el ejercicio de sus derechos ARCO y\/o revocaci\u00f3n del consentimiento y\/o limitaci\u00f3n-divulgaci\u00f3n de sus datos personales. Adem\u00e1s, velar\u00e1 por la protecci\u00f3n de sus datos personales al interior de la organizaci\u00f3n.<\/p>\n<p style=\"font-weight: 400; text-align: justify;\">Nombre: Departamento de Datos Personales del <strong>EMK INMOBILIARIA, S.A. DE C.V.<\/strong><\/p>\n<p style=\"font-weight: 400; text-align: justify;\">Direcci\u00f3n: Xochicalco 634, Letr\u00e1n Valle, C.P. 03650, Benito Juarez, CDMX.<\/p>\n<p style=\"font-weight: 400; text-align: justify;\">Horario de atenci\u00f3n: De lunes a viernes de 9:00 a 16:00 horas.<\/p>\n<p style=\"font-weight: 400; text-align: justify;\">Correo de atenci\u00f3n: <span style=\"color: #0c71c3;\"><a href=\"mailto:administracion@emkinmob.com.mx\" style=\"color: #0c71c3;\">administracion@emkinmob.com.mx<\/a><\/span><\/p>\n<p style=\"font-weight: 400; text-align: justify;\"><span>\u00a0<\/span><\/p>\n<p style=\"font-weight: 400; text-align: justify;\"><span>En caso de querer ejercer sus derechos ARCO, favor de llenar la siguiente <\/span><span><a href=\"https:\/\/emkinmob.com.mx\/wp-content\/uploads\/2022\/04\/SOLICITUD-DERECHOS-ARCO.pdf\"><span style=\"color: #0c71c3;\">Solicitud Derechos ARCO<\/span><\/a>,<\/span><span> y enviarla al correo antes indicado.<\/span><\/p>\n<p style=\"font-weight: 400; text-align: justify;\"><span><strong>Atentamente<\/strong><\/span><\/p>\n<p style=\"font-weight: 400; text-align: justify;\"><span><strong>\u00a0<\/strong><\/span><\/p>\n<p style=\"font-weight: 400; text-align: justify;\"><span><strong>EMK INMOBIIARIA, S.A. DE C.V.<\/strong><\/span><\/p>\n<\/li>\n<\/ol>\n<p>[\/et_pb_text][\/et_pb_column][\/et_pb_row][\/et_pb_section]<\/p>\n","protected":false},"excerpt":{"rendered":"<p>Aviso de privacidad EMK INMOBILIARIA, S.A. DE C.V.Descripci\u00f3n: Identidad y domicilio del responsable: El responsable de los datos personales que usted proporciona a EMK INMOBILIARIA, S.A. DE C.V. con domicilio ubicado en Xochicalco 634, Letr\u00e1n Valle, C.P. 03650, Benito Juarez, CDMX. Los datos personales tratados Para cumplir con las finalidades del tratamiento se\u00f1aladas en el [&hellip;]<\/p>\n","protected":false},"author":1,"featured_media":0,"parent":0,"menu_order":0,"comment_status":"closed","ping_status":"closed","template":"","meta":{"_et_pb_use_builder":"on","_et_pb_old_content":"<!-- wp:divi\/placeholder \/-->\n\n<!-- wp:paragraph -->\n<p><\/p>\n<!-- \/wp:paragraph -->","_et_gb_content_width":"","footnotes":""},"class_list":["post-391","page","type-page","status-publish","hentry"],"_links":{"self":[{"href":"https:\/\/emkinmob.com.mx\/index.php\/wp-json\/wp\/v2\/pages\/391","targetHints":{"allow":["GET"]}}],"collection":[{"href":"https:\/\/emkinmob.com.mx\/index.php\/wp-json\/wp\/v2\/pages"}],"about":[{"href":"https:\/\/emkinmob.com.mx\/index.php\/wp-json\/wp\/v2\/types\/page"}],"author":[{"embeddable":true,"href":"https:\/\/emkinmob.com.mx\/index.php\/wp-json\/wp\/v2\/users\/1"}],"replies":[{"embeddable":true,"href":"https:\/\/emkinmob.com.mx\/index.php\/wp-json\/wp\/v2\/comments?post=391"}],"version-history":[{"count":12,"href":"https:\/\/emkinmob.com.mx\/index.php\/wp-json\/wp\/v2\/pages\/391\/revisions"}],"predecessor-version":[{"id":435,"href":"https:\/\/emkinmob.com.mx\/index.php\/wp-json\/wp\/v2\/pages\/391\/revisions\/435"}],"wp:attachment":[{"href":"https:\/\/emkinmob.com.mx\/index.php\/wp-json\/wp\/v2\/media?parent=391"}],"curies":[{"name":"wp","href":"https:\/\/api.w.org\/{rel}","templated":true}]}}